{"id":1423,"date":"2023-05-18T13:27:28","date_gmt":"2023-05-18T05:27:28","guid":{"rendered":"https:\/\/www.jcjcjcjc.com\/?page_id=1423"},"modified":"2023-08-22T15:06:28","modified_gmt":"2023-08-22T07:06:28","slug":"about","status":"publish","type":"page","link":"https:\/\/www.jcjcjcjc.com\/fr\/about\/","title":{"rendered":"A propos de"},"content":{"rendered":"<div class=\"wp-block-uagb-container uagb-block-dc6e181b alignfull uagb-is-root-container\"><div class=\"uagb-container-inner-blocks-wrap\">\n<div class=\"wp-block-uagb-advanced-heading uagb-block-5a21ed4f\"><h1 class=\"uagb-heading-text\"><strong>Profil J&amp;C<\/strong><\/h1><\/div>\n\n\n\n<div class=\"wp-block-uagb-advanced-heading uagb-block-c8ce3cfc\"><h1 class=\"uagb-heading-text\">Behind&nbsp;the&nbsp;scenes<\/h1><\/div>\n<\/div><\/div>\n\n\n\n<div class=\"inherit-container-width wp-block-group alignfull has-background is-layout-constrained wp-container-core-group-is-layout-52154694 wp-block-group-is-layout-constrained\" style=\"background-color:#171717;margin-top:0;margin-bottom:0;padding-top:0;padding-right:0;padding-bottom:0;padding-left:0\">\n<div class=\"wp-block-media-text alignwide has-media-on-the-right is-stacked-on-mobile is-vertically-aligned-center\" style=\"grid-template-columns:auto 43%\"><div class=\"wp-block-media-text__content\">\n<h2 class=\"wp-block-heading has-text-color has-large-font-size\" style=\"color:#ffffff;margin-right:var(--wp--preset--spacing--60);margin-left:var(--wp--preset--spacing--60)\">\u00c0 PROPOS<br>concevoir <strong>formalit\u00e9<\/strong><\/h2>\n\n\n\n<p class=\"has-text-color\" style=\"color:#d7d7d7;margin-right:var(--wp--preset--spacing--60);margin-left:var(--wp--preset--spacing--60)\">Chez J&amp;C, nous r\u00e9unissons toutes les disciplines de l'artisanat du meuble sous un m\u00eame toit, associant la cr\u00e9ativit\u00e9 \u00e0 l'exp\u00e9rience et la qualit\u00e9 de l'artisanat aux techniques de fabrication les plus modernes.<\/p>\n<\/div><figure class=\"wp-block-media-text__media\"><img loading=\"lazy\" decoding=\"async\" width=\"800\" height=\"800\" src=\"http:\/\/www.jcjcjcjc.com\/wp-content\/uploads\/2023\/07\/jc.jpg\" alt=\"\" class=\"wp-image-2223 size-full\" srcset=\"https:\/\/www.jcjcjcjc.com\/wp-content\/uploads\/2023\/07\/jc.jpg 800w, https:\/\/www.jcjcjcjc.com\/wp-content\/uploads\/2023\/07\/jc-300x300.jpg 300w, https:\/\/www.jcjcjcjc.com\/wp-content\/uploads\/2023\/07\/jc-150x150.jpg 150w, https:\/\/www.jcjcjcjc.com\/wp-content\/uploads\/2023\/07\/jc-768x768.jpg 768w\" sizes=\"auto, (max-width: 800px) 100vw, 800px\" \/><\/figure><\/div>\n<\/div>\n\n\n\n<div class=\"wp-block-uagb-container uagb-block-4ce2797d alignfull uagb-is-root-container\"><div class=\"uagb-container-inner-blocks-wrap\">\n<div class=\"wp-block-uagb-info-box uagb-block-2abca9a5 uagb-infobox__content-wrap  uagb-infobox-icon-above-title uagb-infobox-image-valign-top\"><div class=\"uagb-ifb-content\"><div class=\"uagb-ifb-title-wrap\"><span class=\"uagb-ifb-title-prefix\"><br>J&amp;C<\/span><h2 class=\"uagb-ifb-title\"><strong>Fond\u00e9e en 2002<\/strong><\/h2><\/div><p class=\"uagb-ifb-desc\">we focus on the development and production of modern style furniture.&nbsp;Products are exported to Europe, North America, Asia and other more than 100 countries and regions. We also have maintained close cooperation with internationally renowned designer teams and set up a home R &amp; D center to bring together&nbsp;global outstanding&nbsp;designers. Currently &nbsp;we own&nbsp;more than 500 appearance patents, more than 150 EU patents, and vigorous innovative design capabilities allow us&nbsp;to continue to provide high-quality home products to customers around the world.<\/p><\/div><\/div>\n\n\n\n<figure class=\"wp-block-video\" style=\"padding-right:var(--wp--preset--spacing--80);padding-left:var(--wp--preset--spacing--80)\"><video height=\"1080\" style=\"aspect-ratio: 2534 \/ 1080;\" width=\"2534\" controls poster=\"http:\/\/www.jcjcjcjc.com\/wp-content\/uploads\/2023\/07\/\u5ba3\u4f20\u7247-\u5c01\u9762.jpg\" src=\"http:\/\/www.jcjcjcjc.com\/wp-content\/uploads\/2023\/07\/\u516c\u53f8\u5ba3\u4f20\u7247.mp4\"><\/video><\/figure>\n<\/div><\/div>\n\n\n\n<div class=\"wp-block-uagb-container uagb-block-fe0c2539 alignfull uagb-is-root-container\"><div class=\"uagb-container-inner-blocks-wrap\">\n<div class=\"wp-block-uagb-info-box uagb-block-536b3ac3 uagb-infobox__content-wrap  uagb-infobox-icon-above-title uagb-infobox-image-valign-top\"><div class=\"uagb-ifb-content\"><div class=\"uagb-ifb-title-wrap\"><span class=\"uagb-ifb-title-prefix\"><br>J&amp;C<\/span><h2 class=\"uagb-ifb-title\"><strong>Conception<\/strong><\/h2><\/div><p class=\"uagb-ifb-desc\"><span style=\"color: var(--ast-global-color-4);\" class=\"stk-highlight\">In order to make our every product have both artistic value and life value, according to the highest standards of the industry&nbsp;and the&nbsp;needs of customers, we demand ourselves to carefully design every drawing, carefully outline every line, and strive to impress customers with original design. We hope to use our products to bring customers a new home experience.<\/span><\/p><\/div><\/div>\n\n\n\n<figure class=\"wp-block-video\" style=\"padding-right:var(--wp--preset--spacing--80);padding-left:var(--wp--preset--spacing--80)\"><video height=\"960\" style=\"aspect-ratio: 1920 \/ 960;\" width=\"1920\" controls poster=\"http:\/\/www.jcjcjcjc.com\/wp-content\/uploads\/2023\/07\/\u516c\u53f8\u5ba3\u4f20\u7247-\u5c01\u9762.jpg\" src=\"http:\/\/www.jcjcjcjc.com\/wp-content\/uploads\/2023\/07\/design.mp4\"><\/video><\/figure>\n<\/div><\/div>\n\n\n\n<div class=\"wp-block-uagb-container uagb-block-85c4ff54 alignfull uagb-is-root-container\"><div class=\"uagb-container-inner-blocks-wrap\">\n<div class=\"wp-block-uagb-info-box uagb-block-1cd9301c uagb-infobox__content-wrap  uagb-infobox-icon-above-title uagb-infobox-image-valign-top\"><div class=\"uagb-ifb-content\"><div class=\"uagb-ifb-title-wrap\"><span class=\"uagb-ifb-title-prefix\"><br>J&amp;C<\/span><h2 class=\"uagb-ifb-title\"><strong>Fabrication<\/strong><\/h2><\/div><p class=\"uagb-ifb-desc\">Handicraft used to be the core of the furniture industry, the emphasis on &#8220;ingenuity&#8221; and &#8220;craft&#8221;, more is to see artisans, hand to polish and perfect a product.&nbsp;The changes brought about by innovation and technology have actually subverted the development trajectory of the home industry. In some core positions, J&amp;C&nbsp;retains the traditional handwork-based artisan skills, and at the same time adopts advanced scientific and technological means to improve and sublimate some production links. This production mode not only retains the ingenuity of traditional craft, but also ensures the productivity.<\/p><\/div><\/div>\n\n\n\n<figure class=\"wp-block-video\" style=\"padding-right:var(--wp--preset--spacing--80);padding-left:var(--wp--preset--spacing--80)\"><video height=\"960\" style=\"aspect-ratio: 1920 \/ 960;\" width=\"1920\" controls poster=\"http:\/\/www.jcjcjcjc.com\/wp-content\/uploads\/2023\/07\/\u751f\u4ea7-\u5c01\u9762.jpg\" src=\"http:\/\/www.jcjcjcjc.com\/wp-content\/uploads\/2023\/07\/\u751f\u4ea7.mp4\"><\/video><\/figure>\n<\/div><\/div>","protected":false},"excerpt":{"rendered":"<p>J&amp;C profile Behind&nbsp;the&nbsp;scenes ABOUTDESIGN FORM At J&amp;C, we combine all disciplines of furniture craftsmanship under one roof, linking creativity with experience and quality craftsmanship with state-of-the-art manufacturing techniques.<\/p>","protected":false},"author":1,"featured_media":0,"parent":0,"menu_order":0,"comment_status":"closed","ping_status":"closed","template":"","meta":{"_uag_custom_page_level_css":"","site-sidebar-layout":"default","site-content-layout":"default","ast-global-header-display":"","ast-main-header-display":"","ast-hfb-above-header-display":"","ast-hfb-below-header-display":"","ast-hfb-mobile-header-display":"","site-post-title":"disabled","ast-breadcrumbs-content":"","ast-featured-img":"","footer-sml-layout":"","theme-transparent-header-meta":"","adv-header-id-meta":"","stick-header-meta":"","header-above-stick-meta":"","header-main-stick-meta":"","header-below-stick-meta":"","footnotes":""},"class_list":["post-1423","page","type-page","status-publish","hentry"],"uagb_featured_image_src":{"full":false,"thumbnail":false,"medium":false,"medium_large":false,"large":false,"1536x1536":false,"2048x2048":false,"trp-custom-language-flag":false},"uagb_author_info":{"display_name":"JC","author_link":"https:\/\/www.jcjcjcjc.com\/fr\/author\/jc\/"},"uagb_comment_info":0,"uagb_excerpt":"J&amp;C profile Behind&nbsp;the&nbsp;scenes ABOUTDESIGN FORM At J&amp;C, we combine all disciplines of furniture craftsmanship under one roof, linking creativity with experience and quality craftsmanship with state-of-the-art manufacturing techniques.","_links":{"self":[{"href":"https:\/\/www.jcjcjcjc.com\/fr\/wp-json\/wp\/v2\/pages\/1423","targetHints":{"allow":["GET"]}}],"collection":[{"href":"https:\/\/www.jcjcjcjc.com\/fr\/wp-json\/wp\/v2\/pages"}],"about":[{"href":"https:\/\/www.jcjcjcjc.com\/fr\/wp-json\/wp\/v2\/types\/page"}],"author":[{"embeddable":true,"href":"https:\/\/www.jcjcjcjc.com\/fr\/wp-json\/wp\/v2\/users\/1"}],"replies":[{"embeddable":true,"href":"https:\/\/www.jcjcjcjc.com\/fr\/wp-json\/wp\/v2\/comments?post=1423"}],"version-history":[{"count":11,"href":"https:\/\/www.jcjcjcjc.com\/fr\/wp-json\/wp\/v2\/pages\/1423\/revisions"}],"predecessor-version":[{"id":2527,"href":"https:\/\/www.jcjcjcjc.com\/fr\/wp-json\/wp\/v2\/pages\/1423\/revisions\/2527"}],"wp:attachment":[{"href":"https:\/\/www.jcjcjcjc.com\/fr\/wp-json\/wp\/v2\/media?parent=1423"}],"curies":[{"name":"wp","href":"https:\/\/api.w.org\/{rel}","templated":true}]}}