{"id":1916,"date":"2023-06-13T10:33:40","date_gmt":"2023-06-13T02:33:40","guid":{"rendered":"https:\/\/www.jcjcjcjc.com\/?page_id=1916"},"modified":"2024-04-30T15:25:13","modified_gmt":"2024-04-30T07:25:13","slug":"jc-smart-manufacturing","status":"publish","type":"page","link":"https:\/\/www.jcjcjcjc.com\/es\/jc-smart-manufacturing\/","title":{"rendered":"J&amp;C Smart Manufacturing"},"content":{"rendered":"<div class=\"wp-block-uagb-container uagb-block-112654a9 alignfull uagb-is-root-container\"><div class=\"uagb-container-inner-blocks-wrap\">\n<div class=\"wp-block-stackable-image-box stk-block-image-box stk-hover-parent stk-block stk-12e8b63 is-style-plain\" data-block-id=\"12e8b63\"><style>.stk-12e8b63{margin-bottom:0px !important}<\/style><div class=\"stk-block-content stk-inner-blocks has-text-align-left stk-row stk-block-image-box__content\">\n<div class=\"wp-block-stackable-image stk-block-image stk-block stk-4ab8af3\" data-block-id=\"4ab8af3\"><style>.stk-4ab8af3 .stk-img-wrapper{width:100% !important;height:46vh !important;--stk-gradient-overlay:0.3 !important}.stk-4ab8af3 .stk-img-wrapper img{object-position:49% 25% !important}:where(.stk-hover-parent:hover,.stk-hover-parent.stk--is-hovered) .stk-4ab8af3 .stk-img-wrapper img{object-position:49% 15% !important}.stk-4ab8af3 .stk-img-wrapper::after{background-color:var(--ast-global-color-6) !important}:where(.stk-hover-parent:hover,.stk-hover-parent.stk--is-hovered) .stk-4ab8af3 .stk-img-wrapper::after{background-color:#000000 !important}:where(.stk-hover-parent:hover,.stk-hover-parent.stk--is-hovered) .stk-4ab8af3 .stk-img-wrapper{--stk-gradient-overlay:0.5 !important}<\/style><figure><span class=\"stk-img-wrapper stk-image--shape-stretch\"><img loading=\"lazy\" decoding=\"async\" class=\"stk-img wp-image-1917\" src=\"http:\/\/www.jcjcjcjc.com\/wp-content\/uploads\/2023\/06\/Manufacturing.jpg\" width=\"2500\" height=\"1201\" srcset=\"https:\/\/www.jcjcjcjc.com\/wp-content\/uploads\/2023\/06\/Manufacturing.jpg 2500w, https:\/\/www.jcjcjcjc.com\/wp-content\/uploads\/2023\/06\/Manufacturing-300x144.jpg 300w, https:\/\/www.jcjcjcjc.com\/wp-content\/uploads\/2023\/06\/Manufacturing-1024x492.jpg 1024w, https:\/\/www.jcjcjcjc.com\/wp-content\/uploads\/2023\/06\/Manufacturing-768x369.jpg 768w, https:\/\/www.jcjcjcjc.com\/wp-content\/uploads\/2023\/06\/Manufacturing-1536x738.jpg 1536w, https:\/\/www.jcjcjcjc.com\/wp-content\/uploads\/2023\/06\/Manufacturing-2048x984.jpg 2048w\" sizes=\"auto, (max-width: 2500px) 100vw, 2500px\" \/><\/span><\/figure><\/div>\n\n\n\n<div class=\"wp-block-stackable-column stk-block-column stk-column stk-block stk-bb10f8b\" data-v=\"4\" data-block-id=\"bb10f8b\"><style>.stk-bb10f8b{align-self:center !important}.stk-bb10f8b-inner-blocks{justify-content:flex-end !important}.stk-bb10f8b-container{padding-top:32px !important;padding-right:32px !important;padding-bottom:32px !important;padding-left:32px !important;display:flex !important}<\/style><div class=\"stk-column-wrapper stk-block-column__content stk-container stk-bb10f8b-container stk--no-background stk--no-padding\"><div class=\"stk-block-content stk-inner-blocks stk-bb10f8b-inner-blocks\">\n<div class=\"wp-block-stackable-heading stk-block-heading stk-block-heading--v2 stk-block stk-f1ee90c\" id=\"j-amp-c-intelligent-manufacturing\" data-block-id=\"f1ee90c\"><style>.stk-f1ee90c{min-height:0px !important;align-items:center !important;max-width:100% !important;padding-top:0px !important;padding-right:0px !important;padding-bottom:0px !important;padding-left:0px !important;display:flex !important;opacity:1 !important}:where(.stk-hover-parent:hover,.stk-hover-parent.stk--is-hovered) .stk-f1ee90c{transform:translateY(0px) !important}.stk-f1ee90c .stk-block-heading__text{color:#FFFFFF !important}<\/style><h1 class=\"stk-block-heading__text has-text-color has-white-color has-text-align-center\">Fabricaci\u00f3n inteligente J&amp;C<\/h1><\/div>\n<\/div><\/div><\/div>\n<\/div><\/div>\n\n\n\n<div class=\"wp-block-stackable-image-box stk-block-image-box stk-hover-parent stk-block stk-0d8a1f9 is-style-plain\" data-block-id=\"0d8a1f9\"><style>.stk-0d8a1f9{top:-21px !important}.stk-0d8a1f9:hover{top:-21px !important}<\/style><div class=\"stk-block-content stk-inner-blocks has-text-align-left stk-row stk-block-image-box__content\">\n<div class=\"wp-block-stackable-image stk-block-image stk-block stk-96cc5c3\" data-block-id=\"96cc5c3\"><style>:where(.stk-hover-parent:hover,.stk-hover-parent.stk--is-hovered) .stk-96cc5c3{opacity:1 !important}.stk-96cc5c3 .stk-img-wrapper{width:100% !important;height:70vh !important;--stk-gradient-overlay:1 !important}.stk-96cc5c3 .stk-img-wrapper::after{background-image:linear-gradient(78deg,var(--ast-global-color-6) 0%,rgba(0,0,0,0) 100%) !important}:where(.stk-hover-parent:hover,.stk-hover-parent.stk--is-hovered) .stk-96cc5c3 .stk-img-wrapper{--stk-gradient-overlay:1 !important}@media screen and (max-width:767px){.stk-96cc5c3 .stk-img-wrapper{height:691px !important}}<\/style><figure><span class=\"stk-img-wrapper stk-image--shape-stretch stk-img--gradient-overlay\"><img loading=\"lazy\" decoding=\"async\" class=\"stk-img wp-image-1923\" src=\"http:\/\/www.jcjcjcjc.com\/wp-content\/uploads\/2023\/06\/Manufacturing1.jpg\" width=\"2500\" height=\"1133\" srcset=\"https:\/\/www.jcjcjcjc.com\/wp-content\/uploads\/2023\/06\/Manufacturing1.jpg 2500w, https:\/\/www.jcjcjcjc.com\/wp-content\/uploads\/2023\/06\/Manufacturing1-300x136.jpg 300w, https:\/\/www.jcjcjcjc.com\/wp-content\/uploads\/2023\/06\/Manufacturing1-1024x464.jpg 1024w, https:\/\/www.jcjcjcjc.com\/wp-content\/uploads\/2023\/06\/Manufacturing1-768x348.jpg 768w, https:\/\/www.jcjcjcjc.com\/wp-content\/uploads\/2023\/06\/Manufacturing1-1536x696.jpg 1536w, https:\/\/www.jcjcjcjc.com\/wp-content\/uploads\/2023\/06\/Manufacturing1-2048x928.jpg 2048w\" sizes=\"auto, (max-width: 2500px) 100vw, 2500px\" \/><\/span><\/figure><\/div>\n\n\n\n<div class=\"wp-block-stackable-column stk-block-column stk-column stk-block stk-69eceae\" data-v=\"4\" data-block-id=\"69eceae\"><style>.stk-69eceae{align-self:center !important;left:10% !important}.stk-69eceae-inner-blocks{justify-content:flex-end !important}.stk-69eceae-container{max-width:30% !important;padding-top:32px !important;padding-right:32px !important;padding-bottom:32px !important;padding-left:32px !important;display:flex !important}:where(.stk-hover-parent:hover,.stk-hover-parent.stk--is-hovered) .stk-69eceae{left:10% !important}@media screen and (max-width:1023px){.stk-69eceae-container{margin-top:0px !important;margin-right:0px !important;margin-bottom:0px !important;margin-left:0px !important;min-height:0px !important;max-width:540px !important;padding-top:34px !important;padding-right:34px !important;padding-bottom:34px !important;padding-left:34px !important}.stk-69eceae-inner-blocks{align-items:flex-start !important;row-gap:0px !important}.stk-69eceae{left:0px !important}}@media screen and (max-width:767px){.stk-69eceae-container{max-width:100% !important}}<\/style><div class=\"stk-column-wrapper stk-block-column__content stk-container stk-69eceae-container stk--no-background stk--no-padding\"><div class=\"has-text-align-left has-text-align-left-tablet stk-block-content stk-inner-blocks stk-69eceae-inner-blocks\">\n<div class=\"wp-block-stackable-heading stk-block-heading stk-block-heading--v2 stk-block stk-105475e\" id=\"j-amp-c-4-0\" data-block-id=\"105475e\"><style>.stk-105475e{min-height:0px !important;align-items:center !important;max-width:100% !important;padding-top:0px !important;padding-right:0px !important;padding-bottom:0px !important;padding-left:0px !important;display:flex !important;opacity:1 !important}:where(.stk-hover-parent:hover,.stk-hover-parent.stk--is-hovered) .stk-105475e{transform:translateY(0px) !important}.stk-105475e .stk-block-heading__text{color:#FFFFFF !important}<\/style><h2 class=\"stk-block-heading__text has-text-color has-white-color has-text-align-left\">J&amp;C   4.0<\/h2><\/div>\n\n\n\n<div class=\"wp-block-stackable-text stk-block-text stk-block stk-15d0c1c\" data-block-id=\"15d0c1c\"><style>.stk-15d0c1c{opacity:1 !important}:where(.stk-hover-parent:hover,.stk-hover-parent.stk--is-hovered) .stk-15d0c1c{opacity:1 !important}.stk-15d0c1c .stk-block-text__text{color:#FFFFFF !important}@media screen and (max-width:1023px){.stk-15d0c1c{padding-top:0px !important;padding-right:0px !important;padding-bottom:0px !important;padding-left:0px !important;column-count:1 !important;column-gap:0px !important}}<\/style><p class=\"stk-block-text__text has-text-color has-white-color\">J&amp;C ha construido una f\u00e1brica digital, un almac\u00e9n automatizado de productos acabados, un centro log\u00edstico automatizado y otras construcciones de apoyo de acuerdo con los est\u00e1ndares de la Industria 4.0, abriendo posibilidades ilimitadas para la producci\u00f3n digital en industrias de fabricaci\u00f3n intensiva en mano de obra. La explosi\u00f3n de energ\u00eda de la tecnolog\u00eda digital ha aumentado en gran medida la capacidad de producci\u00f3n de J&amp;C, ha mejorado enormemente la capacidad de control de calidad de la f\u00e1brica y ha realizado la innovaci\u00f3n continua y la iteraci\u00f3n r\u00e1pida de los v\u00ednculos de investigaci\u00f3n y desarrollo y producci\u00f3n y la fabricaci\u00f3n inteligente.<\/p><\/div>\n<\/div><\/div><\/div>\n<\/div><\/div>\n<\/div><\/div>\n\n\n\n<div class=\"wp-block-uagb-container uagb-block-176baac4 alignfull uagb-is-root-container\"><div class=\"uagb-container-inner-blocks-wrap\">\n<figure class=\"wp-block-video\"><video height=\"1080\" style=\"aspect-ratio: 1920 \/ 1080;\" width=\"1920\" controls poster=\"http:\/\/www.jcjcjcjc.com\/wp-content\/uploads\/2023\/07\/4.0-\u5c01\u9762.jpg\" src=\"http:\/\/www.jcjcjcjc.com\/wp-content\/uploads\/2023\/07\/\u6770\u5e0c4.0\u5de5\u5382_batch.mp4\"><\/video><\/figure>\n<\/div><\/div>\n\n\n\n<div class=\"wp-block-uagb-container uagb-block-17a3c4e1 alignfull uagb-is-root-container\"><div class=\"uagb-container-inner-blocks-wrap\">\n<div class=\"wp-block-uagb-container uagb-block-82247891\">\n<p class=\"has-ast-global-color-2-color has-text-color\" style=\"font-size:18px\">J&amp;C Intelligent Manufacturing cuenta con modernos equipos, tecnolog\u00eda de la informaci\u00f3n y flujo de procesos para garantizar la eficacia y la calidad de la producci\u00f3n. Tambi\u00e9n cuenta con la experiencia de artesanos en procesos clave, lo que crea productos c\u00e1lidos e ingeniosos para los clientes.<\/p>\n<\/div>\n<\/div><\/div>","protected":false},"excerpt":{"rendered":"<p>J&amp;C intelligent manufacturing J&amp;C 4.0 J&amp;C has built a digital factory, automated finished product warehouse, automated logistics center and other supporting construction according to Industry 4.0 standards, opening unlimited possibilities for digital production in labor-intensive manufacturing industries.&nbsp;The burst of energy of digital technology has greatly increased the production capacity of J&amp;C, greatly improved the quality &hellip;<\/p>\n<p class=\"read-more\"> <a class=\"\" href=\"https:\/\/www.jcjcjcjc.com\/es\/jc-smart-manufacturing\/\"> <span class=\"screen-reader-text\">J&amp;C Smart Manufacturing<\/span> Leer m\u00e1s &raquo;<\/a><\/p>","protected":false},"author":1,"featured_media":0,"parent":0,"menu_order":0,"comment_status":"closed","ping_status":"closed","template":"","meta":{"_uag_custom_page_level_css":"","site-sidebar-layout":"default","site-content-layout":"default","ast-global-header-display":"","ast-main-header-display":"","ast-hfb-above-header-display":"","ast-hfb-below-header-display":"","ast-hfb-mobile-header-display":"","site-post-title":"disabled","ast-breadcrumbs-content":"","ast-featured-img":"","footer-sml-layout":"","theme-transparent-header-meta":"","adv-header-id-meta":"","stick-header-meta":"","header-above-stick-meta":"","header-main-stick-meta":"","header-below-stick-meta":"","footnotes":""},"class_list":["post-1916","page","type-page","status-publish","hentry"],"uagb_featured_image_src":{"full":false,"thumbnail":false,"medium":false,"medium_large":false,"large":false,"1536x1536":false,"2048x2048":false,"trp-custom-language-flag":false},"uagb_author_info":{"display_name":"JC","author_link":"https:\/\/www.jcjcjcjc.com\/es\/author\/jc\/"},"uagb_comment_info":0,"uagb_excerpt":"J&amp;C intelligent manufacturing J&amp;C 4.0 J&amp;C has built a digital factory, automated finished product warehouse, automated logistics center and other supporting construction according to Industry 4.0 standards, opening unlimited possibilities for digital production in labor-intensive manufacturing industries.&nbsp;The burst of energy of digital technology has greatly increased the production capacity of J&amp;C, greatly improved the quality&hellip;","_links":{"self":[{"href":"https:\/\/www.jcjcjcjc.com\/es\/wp-json\/wp\/v2\/pages\/1916","targetHints":{"allow":["GET"]}}],"collection":[{"href":"https:\/\/www.jcjcjcjc.com\/es\/wp-json\/wp\/v2\/pages"}],"about":[{"href":"https:\/\/www.jcjcjcjc.com\/es\/wp-json\/wp\/v2\/types\/page"}],"author":[{"embeddable":true,"href":"https:\/\/www.jcjcjcjc.com\/es\/wp-json\/wp\/v2\/users\/1"}],"replies":[{"embeddable":true,"href":"https:\/\/www.jcjcjcjc.com\/es\/wp-json\/wp\/v2\/comments?post=1916"}],"version-history":[{"count":23,"href":"https:\/\/www.jcjcjcjc.com\/es\/wp-json\/wp\/v2\/pages\/1916\/revisions"}],"predecessor-version":[{"id":2747,"href":"https:\/\/www.jcjcjcjc.com\/es\/wp-json\/wp\/v2\/pages\/1916\/revisions\/2747"}],"wp:attachment":[{"href":"https:\/\/www.jcjcjcjc.com\/es\/wp-json\/wp\/v2\/media?parent=1916"}],"curies":[{"name":"wp","href":"https:\/\/api.w.org\/{rel}","templated":true}]}}