{"id":10,"date":"2023-05-18T09:32:25","date_gmt":"2023-05-18T01:32:25","guid":{"rendered":"https:\/\/www.jcjcjcjc.com\/?page_id=10"},"modified":"2025-12-17T11:56:44","modified_gmt":"2025-12-17T03:56:44","slug":"home","status":"publish","type":"page","link":"https:\/\/www.jcjcjcjc.com\/es\/","title":{"rendered":"Home"},"content":{"rendered":"<div class=\"wp-block-uagb-container uagb-block-65d048a2 alignfull uagb-is-root-container\">\t\t\t\t\t<div\n\t\t\t\t\t\tclass=\"wp-block-uagb-image-gallery uagb-block-12d96767\"\n\t\t\t\t\t\tstyle=\"\"\n\t\t\t\t\t>\n\t\t\t\t\t\t\t\t\t\t\t<div class=\"spectra-image-gallery spectra-image-gallery__layout--carousel\">\n\t\t\t\t\t\t\t\t<div class=\"uagb-slick-carousel uagb-block-12d96767\">\n\t\t\t\t\t\t\t\t\t\t\t\t<div class='spectra-image-gallery__media-wrapper' data-spectra-gallery-image-id='2920'>\n\t\t\t\t\t\t\t<div class=\"spectra-image-gallery__media spectra-image-gallery__media--carousel\">\n\t\t\t\t<picture>\n\t\t\t\t\t<source media=\"(min-width: 1024px)\" srcset=\"https:\/\/www.jcjcjcjc.com\/wp-content\/uploads\/2025\/12\/9.jpg\">\n\t\t\t\t\t<source media=\"(min-width: 768px)\" srcset=\"https:\/\/www.jcjcjcjc.com\/wp-content\/uploads\/2025\/12\/9.jpg\">\n\t\t\t\t\t<img decoding=\"async\" class=\"spectra-image-gallery__media-thumbnail spectra-image-gallery__media-thumbnail--carousel\" src=\"https:\/\/www.jcjcjcjc.com\/wp-content\/uploads\/2025\/12\/9.jpg\" alt=\"\" loading=\"lazy\" \/>\n\t\t\t\t<\/picture>\n\t\t\t\t<div class=\"spectra-image-gallery__media-thumbnail-blurrer\"><\/div>\n\t\t\t\t\t\t\t\t\t\t\t<div class=\"spectra-image-gallery__media-thumbnail-caption-wrapper spectra-image-gallery__media-thumbnail-caption-wrapper--overlay\"><\/div>\n\t\t\t\t\t\t\t\t<\/div>\n\t\t\t\t\t\t<\/div>\n\t\t\t\t\t\t<div class='spectra-image-gallery__media-wrapper' data-spectra-gallery-image-id='2919'>\n\t\t\t\t\t\t\t<div class=\"spectra-image-gallery__media spectra-image-gallery__media--carousel\">\n\t\t\t\t<picture>\n\t\t\t\t\t<source media=\"(min-width: 1024px)\" srcset=\"https:\/\/www.jcjcjcjc.com\/wp-content\/uploads\/2025\/12\/8.jpg\">\n\t\t\t\t\t<source media=\"(min-width: 768px)\" srcset=\"https:\/\/www.jcjcjcjc.com\/wp-content\/uploads\/2025\/12\/8.jpg\">\n\t\t\t\t\t<img decoding=\"async\" class=\"spectra-image-gallery__media-thumbnail spectra-image-gallery__media-thumbnail--carousel\" src=\"https:\/\/www.jcjcjcjc.com\/wp-content\/uploads\/2025\/12\/8.jpg\" alt=\"\" loading=\"lazy\" \/>\n\t\t\t\t<\/picture>\n\t\t\t\t<div class=\"spectra-image-gallery__media-thumbnail-blurrer\"><\/div>\n\t\t\t\t\t\t\t\t\t\t\t<div class=\"spectra-image-gallery__media-thumbnail-caption-wrapper spectra-image-gallery__media-thumbnail-caption-wrapper--overlay\"><\/div>\n\t\t\t\t\t\t\t\t<\/div>\n\t\t\t\t\t\t<\/div>\n\t\t\t\t\t\t<div class='spectra-image-gallery__media-wrapper' data-spectra-gallery-image-id='2918'>\n\t\t\t\t\t\t\t<div class=\"spectra-image-gallery__media spectra-image-gallery__media--carousel\">\n\t\t\t\t<picture>\n\t\t\t\t\t<source media=\"(min-width: 1024px)\" srcset=\"https:\/\/www.jcjcjcjc.com\/wp-content\/uploads\/2025\/12\/7.jpg\">\n\t\t\t\t\t<source media=\"(min-width: 768px)\" srcset=\"https:\/\/www.jcjcjcjc.com\/wp-content\/uploads\/2025\/12\/7.jpg\">\n\t\t\t\t\t<img decoding=\"async\" class=\"spectra-image-gallery__media-thumbnail spectra-image-gallery__media-thumbnail--carousel\" src=\"https:\/\/www.jcjcjcjc.com\/wp-content\/uploads\/2025\/12\/7.jpg\" alt=\"\" loading=\"lazy\" \/>\n\t\t\t\t<\/picture>\n\t\t\t\t<div class=\"spectra-image-gallery__media-thumbnail-blurrer\"><\/div>\n\t\t\t\t\t\t\t\t\t\t\t<div class=\"spectra-image-gallery__media-thumbnail-caption-wrapper spectra-image-gallery__media-thumbnail-caption-wrapper--overlay\"><\/div>\n\t\t\t\t\t\t\t\t<\/div>\n\t\t\t\t\t\t<\/div>\n\t\t\t\t\t\t<div class='spectra-image-gallery__media-wrapper' data-spectra-gallery-image-id='2917'>\n\t\t\t\t\t\t\t<div class=\"spectra-image-gallery__media spectra-image-gallery__media--carousel\">\n\t\t\t\t<picture>\n\t\t\t\t\t<source media=\"(min-width: 1024px)\" srcset=\"https:\/\/www.jcjcjcjc.com\/wp-content\/uploads\/2025\/12\/6.jpg\">\n\t\t\t\t\t<source media=\"(min-width: 768px)\" srcset=\"https:\/\/www.jcjcjcjc.com\/wp-content\/uploads\/2025\/12\/6.jpg\">\n\t\t\t\t\t<img decoding=\"async\" class=\"spectra-image-gallery__media-thumbnail spectra-image-gallery__media-thumbnail--carousel\" src=\"https:\/\/www.jcjcjcjc.com\/wp-content\/uploads\/2025\/12\/6.jpg\" alt=\"\" loading=\"lazy\" \/>\n\t\t\t\t<\/picture>\n\t\t\t\t<div class=\"spectra-image-gallery__media-thumbnail-blurrer\"><\/div>\n\t\t\t\t\t\t\t\t\t\t\t<div class=\"spectra-image-gallery__media-thumbnail-caption-wrapper spectra-image-gallery__media-thumbnail-caption-wrapper--overlay\"><\/div>\n\t\t\t\t\t\t\t\t<\/div>\n\t\t\t\t\t\t<\/div>\n\t\t\t\t\t\t<div class='spectra-image-gallery__media-wrapper' data-spectra-gallery-image-id='2912'>\n\t\t\t\t\t\t\t<div class=\"spectra-image-gallery__media spectra-image-gallery__media--carousel\">\n\t\t\t\t<picture>\n\t\t\t\t\t<source media=\"(min-width: 1024px)\" srcset=\"https:\/\/www.jcjcjcjc.com\/wp-content\/uploads\/2025\/12\/1.jpg\">\n\t\t\t\t\t<source media=\"(min-width: 768px)\" srcset=\"https:\/\/www.jcjcjcjc.com\/wp-content\/uploads\/2025\/12\/1.jpg\">\n\t\t\t\t\t<img decoding=\"async\" class=\"spectra-image-gallery__media-thumbnail spectra-image-gallery__media-thumbnail--carousel\" src=\"https:\/\/www.jcjcjcjc.com\/wp-content\/uploads\/2025\/12\/1.jpg\" alt=\"\" loading=\"lazy\" \/>\n\t\t\t\t<\/picture>\n\t\t\t\t<div class=\"spectra-image-gallery__media-thumbnail-blurrer\"><\/div>\n\t\t\t\t\t\t\t\t\t\t\t<div class=\"spectra-image-gallery__media-thumbnail-caption-wrapper spectra-image-gallery__media-thumbnail-caption-wrapper--overlay\"><\/div>\n\t\t\t\t\t\t\t\t<\/div>\n\t\t\t\t\t\t<\/div>\n\t\t\t\t\t\t<div class='spectra-image-gallery__media-wrapper' data-spectra-gallery-image-id='2913'>\n\t\t\t\t\t\t\t<div class=\"spectra-image-gallery__media spectra-image-gallery__media--carousel\">\n\t\t\t\t<picture>\n\t\t\t\t\t<source media=\"(min-width: 1024px)\" srcset=\"https:\/\/www.jcjcjcjc.com\/wp-content\/uploads\/2025\/12\/2.jpg\">\n\t\t\t\t\t<source media=\"(min-width: 768px)\" srcset=\"https:\/\/www.jcjcjcjc.com\/wp-content\/uploads\/2025\/12\/2.jpg\">\n\t\t\t\t\t<img decoding=\"async\" class=\"spectra-image-gallery__media-thumbnail spectra-image-gallery__media-thumbnail--carousel\" src=\"https:\/\/www.jcjcjcjc.com\/wp-content\/uploads\/2025\/12\/2.jpg\" alt=\"\" loading=\"lazy\" \/>\n\t\t\t\t<\/picture>\n\t\t\t\t<div class=\"spectra-image-gallery__media-thumbnail-blurrer\"><\/div>\n\t\t\t\t\t\t\t\t\t\t\t<div class=\"spectra-image-gallery__media-thumbnail-caption-wrapper spectra-image-gallery__media-thumbnail-caption-wrapper--overlay\"><\/div>\n\t\t\t\t\t\t\t\t<\/div>\n\t\t\t\t\t\t<\/div>\n\t\t\t\t\t\t<div class='spectra-image-gallery__media-wrapper' data-spectra-gallery-image-id='2915'>\n\t\t\t\t\t\t\t<div class=\"spectra-image-gallery__media spectra-image-gallery__media--carousel\">\n\t\t\t\t<picture>\n\t\t\t\t\t<source media=\"(min-width: 1024px)\" srcset=\"https:\/\/www.jcjcjcjc.com\/wp-content\/uploads\/2025\/12\/4.jpg\">\n\t\t\t\t\t<source media=\"(min-width: 768px)\" srcset=\"https:\/\/www.jcjcjcjc.com\/wp-content\/uploads\/2025\/12\/4.jpg\">\n\t\t\t\t\t<img decoding=\"async\" class=\"spectra-image-gallery__media-thumbnail spectra-image-gallery__media-thumbnail--carousel\" src=\"https:\/\/www.jcjcjcjc.com\/wp-content\/uploads\/2025\/12\/4.jpg\" alt=\"\" loading=\"lazy\" \/>\n\t\t\t\t<\/picture>\n\t\t\t\t<div class=\"spectra-image-gallery__media-thumbnail-blurrer\"><\/div>\n\t\t\t\t\t\t\t\t\t\t\t<div class=\"spectra-image-gallery__media-thumbnail-caption-wrapper spectra-image-gallery__media-thumbnail-caption-wrapper--overlay\"><\/div>\n\t\t\t\t\t\t\t\t<\/div>\n\t\t\t\t\t\t<\/div>\n\t\t\t\t\t\t<div class='spectra-image-gallery__media-wrapper' data-spectra-gallery-image-id='2914'>\n\t\t\t\t\t\t\t<div class=\"spectra-image-gallery__media spectra-image-gallery__media--carousel\">\n\t\t\t\t<picture>\n\t\t\t\t\t<source media=\"(min-width: 1024px)\" srcset=\"https:\/\/www.jcjcjcjc.com\/wp-content\/uploads\/2025\/12\/3.jpg\">\n\t\t\t\t\t<source media=\"(min-width: 768px)\" srcset=\"https:\/\/www.jcjcjcjc.com\/wp-content\/uploads\/2025\/12\/3.jpg\">\n\t\t\t\t\t<img decoding=\"async\" class=\"spectra-image-gallery__media-thumbnail spectra-image-gallery__media-thumbnail--carousel\" src=\"https:\/\/www.jcjcjcjc.com\/wp-content\/uploads\/2025\/12\/3.jpg\" alt=\"\" loading=\"lazy\" \/>\n\t\t\t\t<\/picture>\n\t\t\t\t<div class=\"spectra-image-gallery__media-thumbnail-blurrer\"><\/div>\n\t\t\t\t\t\t\t\t\t\t\t<div class=\"spectra-image-gallery__media-thumbnail-caption-wrapper spectra-image-gallery__media-thumbnail-caption-wrapper--overlay\"><\/div>\n\t\t\t\t\t\t\t\t<\/div>\n\t\t\t\t\t\t<\/div>\n\t\t\t\t\t\t<div class='spectra-image-gallery__media-wrapper' data-spectra-gallery-image-id='2916'>\n\t\t\t\t\t\t\t<div class=\"spectra-image-gallery__media spectra-image-gallery__media--carousel\">\n\t\t\t\t<picture>\n\t\t\t\t\t<source media=\"(min-width: 1024px)\" srcset=\"https:\/\/www.jcjcjcjc.com\/wp-content\/uploads\/2025\/12\/5.jpg\">\n\t\t\t\t\t<source media=\"(min-width: 768px)\" srcset=\"https:\/\/www.jcjcjcjc.com\/wp-content\/uploads\/2025\/12\/5.jpg\">\n\t\t\t\t\t<img decoding=\"async\" class=\"spectra-image-gallery__media-thumbnail spectra-image-gallery__media-thumbnail--carousel\" src=\"https:\/\/www.jcjcjcjc.com\/wp-content\/uploads\/2025\/12\/5.jpg\" alt=\"\" loading=\"lazy\" \/>\n\t\t\t\t<\/picture>\n\t\t\t\t<div class=\"spectra-image-gallery__media-thumbnail-blurrer\"><\/div>\n\t\t\t\t\t\t\t\t\t\t\t<div class=\"spectra-image-gallery__media-thumbnail-caption-wrapper spectra-image-gallery__media-thumbnail-caption-wrapper--overlay\"><\/div>\n\t\t\t\t\t\t\t\t<\/div>\n\t\t\t\t\t\t<\/div>\n\t\t\t\t\t\t\t\t\t\t\t<\/div>\n\t\t\t\t\t\t\t<\/div>\n\t\t\t\t\t\t\t\t\t\t\t<\/div>\n\t\t\t\t\t\t\t\t\t<\/div>\n\n\n\n<div class=\"wp-block-uagb-container uagb-block-d07a44a8 alignfull uagb-is-root-container\">\n<div class=\"wp-block-uagb-container uagb-block-bdd8e51b\">\n<div class=\"wp-block-stackable-image stk-block-image stk-block stk-f12ee6c\" data-block-id=\"f12ee6c\"><style>.stk-f12ee6c .stk-img-wrapper img{object-fit:cover !important;}<\/style><figure><span class=\"stk-img-wrapper stk-image--shape-stretch\"><img loading=\"lazy\" decoding=\"async\" class=\"stk-img wp-image-2744\" src=\"http:\/\/www.jcjcjcjc.com\/wp-content\/uploads\/2024\/04\/eco.jpg\" width=\"1500\" height=\"1000\" srcset=\"https:\/\/www.jcjcjcjc.com\/wp-content\/uploads\/2024\/04\/eco.jpg 1500w, https:\/\/www.jcjcjcjc.com\/wp-content\/uploads\/2024\/04\/eco-300x200.jpg 300w, https:\/\/www.jcjcjcjc.com\/wp-content\/uploads\/2024\/04\/eco-1024x683.jpg 1024w, https:\/\/www.jcjcjcjc.com\/wp-content\/uploads\/2024\/04\/eco-768x512.jpg 768w, https:\/\/www.jcjcjcjc.com\/wp-content\/uploads\/2024\/04\/eco-18x12.jpg 18w\" sizes=\"auto, (max-width: 1500px) 100vw, 1500px\" \/><\/span><\/figure><\/div>\n<\/div>\n\n\n\n<div class=\"wp-block-uagb-container uagb-block-67d4f728\">\n<div class=\"wp-block-stackable-image stk-block-image has-text-align-left stk-block stk-d8051ad\" data-block-id=\"d8051ad\"><style>.stk-d8051ad {padding-left:0px !important;margin-bottom:18px !important;margin-left:0px !important;}.stk-d8051ad .stk-img-wrapper{width:54% !important;}.stk-d8051ad .stk-img-wrapper img{object-position:15% 41% !important;}@media screen and (max-width: 1023px){.stk-d8051ad .stk-img-wrapper{width:100% !important;}}@media screen and (max-width: 767px){.stk-d8051ad .stk-img-wrapper{width:100% !important;}}<\/style><figure><span class=\"stk-img-wrapper stk-image--shape-stretch\"><img loading=\"lazy\" decoding=\"async\" class=\"stk-img wp-image-2111\" src=\"http:\/\/www.jcjcjcjc.com\/wp-content\/uploads\/2023\/06\/\u8d28\u68c0\u56fe\u6807.png\" width=\"3159\" height=\"455\" srcset=\"https:\/\/www.jcjcjcjc.com\/wp-content\/uploads\/2023\/06\/\u8d28\u68c0\u56fe\u6807.png 3159w, https:\/\/www.jcjcjcjc.com\/wp-content\/uploads\/2023\/06\/\u8d28\u68c0\u56fe\u6807-300x43.png 300w, https:\/\/www.jcjcjcjc.com\/wp-content\/uploads\/2023\/06\/\u8d28\u68c0\u56fe\u6807-1024x147.png 1024w, https:\/\/www.jcjcjcjc.com\/wp-content\/uploads\/2023\/06\/\u8d28\u68c0\u56fe\u6807-768x111.png 768w, https:\/\/www.jcjcjcjc.com\/wp-content\/uploads\/2023\/06\/\u8d28\u68c0\u56fe\u6807-1536x221.png 1536w, https:\/\/www.jcjcjcjc.com\/wp-content\/uploads\/2023\/06\/\u8d28\u68c0\u56fe\u6807-2048x295.png 2048w\" sizes=\"auto, (max-width: 3159px) 100vw, 3159px\" \/><\/span><\/figure><\/div>\n\n\n\n<div class=\"wp-block-uagb-container uagb-block-237502b8\">\n<div class=\"wp-block-uagb-info-box uagb-block-a2a27e7e uagb-infobox__content-wrap  uagb-infobox-icon-left-title uagb-infobox-left uagb-infobox-image-valign-top\"><div class=\"uagb-ifb-content\"><div class=\"uagb-ifb-left-title-image\"><div class=\"uagb-ifb-icon-wrap\"><svg xmlns=\"https:\/\/www.w3.org\/2000\/svg\" viewbox=\"0 0 448 512\"><path d=\"M438.6 105.4C451.1 117.9 451.1 138.1 438.6 150.6L182.6 406.6C170.1 419.1 149.9 419.1 137.4 406.6L9.372 278.6C-3.124 266.1-3.124 245.9 9.372 233.4C21.87 220.9 42.13 220.9 54.63 233.4L159.1 338.7L393.4 105.4C405.9 92.88 426.1 92.88 438.6 105.4H438.6z\"><\/path><\/svg><\/div><div class=\"uagb-ifb-title-wrap\"><h3 class=\"uagb-ifb-title\">Norma medioambiental europea E1<\/h3><\/div><\/div><\/div><\/div>\n\n\n\n<div class=\"wp-block-uagb-info-box uagb-block-cc9e2aca uagb-infobox__content-wrap  uagb-infobox-icon-left-title uagb-infobox-left uagb-infobox-image-valign-top\"><div class=\"uagb-ifb-content\"><div class=\"uagb-ifb-left-title-image\"><div class=\"uagb-ifb-icon-wrap\"><svg xmlns=\"https:\/\/www.w3.org\/2000\/svg\" viewbox=\"0 0 448 512\"><path d=\"M438.6 105.4C451.1 117.9 451.1 138.1 438.6 150.6L182.6 406.6C170.1 419.1 149.9 419.1 137.4 406.6L9.372 278.6C-3.124 266.1-3.124 245.9 9.372 233.4C21.87 220.9 42.13 220.9 54.63 233.4L159.1 338.7L393.4 105.4C405.9 92.88 426.1 92.88 438.6 105.4H438.6z\"><\/path><\/svg><\/div><div class=\"uagb-ifb-title-wrap\"><h3 class=\"uagb-ifb-title\">Reglamento REACH de la UE<\/h3><\/div><\/div><\/div><\/div>\n\n\n\n<div class=\"wp-block-uagb-info-box uagb-block-06f827bb uagb-infobox__content-wrap  uagb-infobox-icon-left-title uagb-infobox-left uagb-infobox-image-valign-top\"><div class=\"uagb-ifb-content\"><div class=\"uagb-ifb-left-title-image\"><div class=\"uagb-ifb-icon-wrap\"><svg xmlns=\"https:\/\/www.w3.org\/2000\/svg\" viewbox=\"0 0 448 512\"><path d=\"M438.6 105.4C451.1 117.9 451.1 138.1 438.6 150.6L182.6 406.6C170.1 419.1 149.9 419.1 137.4 406.6L9.372 278.6C-3.124 266.1-3.124 245.9 9.372 233.4C21.87 220.9 42.13 220.9 54.63 233.4L159.1 338.7L393.4 105.4C405.9 92.88 426.1 92.88 438.6 105.4H438.6z\"><\/path><\/svg><\/div><div class=\"uagb-ifb-title-wrap\"><h3 class=\"uagb-ifb-title\">Ensayo de rendimiento de seguridad EN12520 para muebles tapizados de la UE<\/h3><\/div><\/div><\/div><\/div>\n\n\n\n<div class=\"wp-block-uagb-info-box uagb-block-8163d3c3 uagb-infobox__content-wrap  uagb-infobox-icon-left-title uagb-infobox-left uagb-infobox-image-valign-top\"><div class=\"uagb-ifb-content\"><div class=\"uagb-ifb-left-title-image\"><div class=\"uagb-ifb-icon-wrap\"><svg xmlns=\"https:\/\/www.w3.org\/2000\/svg\" viewbox=\"0 0 448 512\"><path d=\"M438.6 105.4C451.1 117.9 451.1 138.1 438.6 150.6L182.6 406.6C170.1 419.1 149.9 419.1 137.4 406.6L9.372 278.6C-3.124 266.1-3.124 245.9 9.372 233.4C21.87 220.9 42.13 220.9 54.63 233.4L159.1 338.7L393.4 105.4C405.9 92.88 426.1 92.88 438.6 105.4H438.6z\"><\/path><\/svg><\/div><div class=\"uagb-ifb-title-wrap\"><h3 class=\"uagb-ifb-title\">UK BS ign\u00edfugo y prueba de fuego<\/h3><\/div><\/div><\/div><\/div>\n\n\n\n<div class=\"wp-block-uagb-info-box uagb-block-7bd9546d uagb-infobox__content-wrap  uagb-infobox-icon-left-title uagb-infobox-left uagb-infobox-image-valign-top\"><div class=\"uagb-ifb-content\"><div class=\"uagb-ifb-left-title-image\"><div class=\"uagb-ifb-icon-wrap\"><svg xmlns=\"https:\/\/www.w3.org\/2000\/svg\" viewbox=\"0 0 448 512\"><path d=\"M438.6 105.4C451.1 117.9 451.1 138.1 438.6 150.6L182.6 406.6C170.1 419.1 149.9 419.1 137.4 406.6L9.372 278.6C-3.124 266.1-3.124 245.9 9.372 233.4C21.87 220.9 42.13 220.9 54.63 233.4L159.1 338.7L393.4 105.4C405.9 92.88 426.1 92.88 438.6 105.4H438.6z\"><\/path><\/svg><\/div><div class=\"uagb-ifb-title-wrap\"><h3 class=\"uagb-ifb-title\">Certificaci\u00f3n forestal FSC<\/h3><\/div><\/div><\/div><\/div>\n<\/div>\n<\/div>\n<\/div>\n\n\n\n<div class=\"wp-block-uagb-container uagb-block-848dfca7 alignfull uagb-is-root-container\"><div class=\"uagb-container-inner-blocks-wrap\">\n<div class=\"wp-block-uagb-container uagb-block-a4e24ea5\">\n<div class=\"wp-block-uagb-container uagb-block-54713568\">\n<div class=\"wp-block-uagb-info-box uagb-block-1aa81462 uagb-infobox__content-wrap  uagb-infobox-icon-left-title uagb-infobox-left uagb-infobox-image-valign-top\"><div class=\"uagb-ifb-content\"><div class=\"uagb-ifb-left-title-image\"><div class=\"uagb-ifb-title-wrap\"><h2 class=\"uagb-ifb-title\">Idea de producto<\/h2><\/div><\/div><p class=\"uagb-ifb-desc\">Dise\u00f1o original, comodidad \u00f3ptima,<br>protecci\u00f3n del medio ambiente y salud<\/p><\/div><\/div>\n\n\n\n<div class=\"wp-block-uagb-info-box uagb-block-14591108 uagb-infobox__content-wrap  uagb-infobox-icon-left-title uagb-infobox-left uagb-infobox-image-valign-top\"><div class=\"uagb-ifb-content\"><div class=\"uagb-ifb-left-title-image\"><div class=\"uagb-ifb-title-wrap\"><h2 class=\"uagb-ifb-title\">Idea de gesti\u00f3n<\/h2><\/div><\/div><p class=\"uagb-ifb-desc\">El cliente es lo primero, innovaci\u00f3n continua, b\u00fasqueda de la excelencia<\/p><\/div><\/div>\n<\/div>\n\n\n\n<div class=\"wp-block-uagb-container uagb-block-124ea90c\">\n<p class=\"has-text-color\" style=\"color:#6a7074\">Un producto, desde la germinaci\u00f3n del dise\u00f1o hasta la recogida y transformaci\u00f3n de las materias primas, completa el tedioso proceso de producci\u00f3n y, por \u00faltimo, ofrece<br>a las manos de los clientes. Lo que queremos hacer no es vender un producto de cadena de montaje, en cada eslab\u00f3n, tendremos en cuenta las necesidades de los clientes, para conseguir<br>valor m\u00e1ximo.<\/p>\n<\/div>\n<\/div>\n\n\n\n<div class=\"wp-block-uagb-container uagb-block-2d56fa76\">\n<div class=\"wp-block-stackable-image stk-block-image stk-block stk-3b103ff\" data-block-id=\"3b103ff\"><style>.stk-3b103ff .stk-img-wrapper img{object-fit:cover !important;}<\/style><figure><span class=\"stk-img-wrapper stk-image--shape-stretch\"><img loading=\"lazy\" decoding=\"async\" class=\"stk-img wp-image-2211\" src=\"http:\/\/www.jcjcjcjc.com\/wp-content\/uploads\/2023\/07\/Product-Idea.jpg\" width=\"1000\" height=\"1000\" srcset=\"https:\/\/www.jcjcjcjc.com\/wp-content\/uploads\/2023\/07\/Product-Idea.jpg 1000w, https:\/\/www.jcjcjcjc.com\/wp-content\/uploads\/2023\/07\/Product-Idea-300x300.jpg 300w, https:\/\/www.jcjcjcjc.com\/wp-content\/uploads\/2023\/07\/Product-Idea-150x150.jpg 150w, https:\/\/www.jcjcjcjc.com\/wp-content\/uploads\/2023\/07\/Product-Idea-768x768.jpg 768w\" sizes=\"auto, (max-width: 1000px) 100vw, 1000px\" \/><\/span><\/figure><\/div>\n<\/div>\n<\/div><\/div>\n\n\n\n<div class=\"wp-block-uagb-container uagb-block-b02ebf02 alignfull uagb-is-root-container\">\n<div class=\"wp-block-uagb-container uagb-block-c727d572\">\n<div class=\"wp-block-stackable-image stk-block-image stk-block stk-332a128\" data-block-id=\"332a128\"><style>.stk-332a128 .stk-img-wrapper img{object-fit:cover !important;}<\/style><figure><span class=\"stk-img-wrapper stk-image--shape-stretch\"><img loading=\"lazy\" decoding=\"async\" class=\"stk-img wp-image-2743\" src=\"http:\/\/www.jcjcjcjc.com\/wp-content\/uploads\/2024\/04\/design.jpg\" width=\"900\" height=\"900\" srcset=\"https:\/\/www.jcjcjcjc.com\/wp-content\/uploads\/2024\/04\/design.jpg 900w, https:\/\/www.jcjcjcjc.com\/wp-content\/uploads\/2024\/04\/design-300x300.jpg 300w, https:\/\/www.jcjcjcjc.com\/wp-content\/uploads\/2024\/04\/design-150x150.jpg 150w, https:\/\/www.jcjcjcjc.com\/wp-content\/uploads\/2024\/04\/design-768x768.jpg 768w, https:\/\/www.jcjcjcjc.com\/wp-content\/uploads\/2024\/04\/design-12x12.jpg 12w\" sizes=\"auto, (max-width: 900px) 100vw, 900px\" \/><\/span><\/figure><\/div>\n<\/div>\n\n\n\n<div class=\"wp-block-uagb-container uagb-block-9679d697\">\n<div class=\"wp-block-uagb-advanced-heading uagb-block-651e3dd0\"><h2 class=\"uagb-heading-text\">\"Servicios \"5G<\/h2><\/div>\n\n\n\n<div class=\"wp-block-uagb-container uagb-block-846abce0\">\n<div class=\"wp-block-uagb-container uagb-block-3ab57500\">\n<p class=\"has-text-align-center\" style=\"margin-top:0;margin-right:0;margin-bottom:0;margin-left:0;padding-top:0;padding-right:0;padding-bottom:0;padding-left:0\">GRAN OUALIDAD<\/p>\n<\/div>\n\n\n\n<div class=\"wp-block-uagb-container uagb-block-4641cc16\">\n<p class=\"has-text-align-center\" style=\"margin-top:0;margin-right:0;margin-bottom:0;margin-left:0;padding-top:0;padding-right:0;padding-bottom:0;padding-left:0\">EXCELENTES PRECIOS<\/p>\n<\/div>\n\n\n\n<div class=\"wp-block-uagb-container uagb-block-1358d5fc\">\n<p class=\"has-text-align-center\" style=\"margin-top:0;margin-right:0;margin-bottom:0;margin-left:0;padding-top:0;padding-right:0;padding-bottom:0;padding-left:0\">GRANDES DISE\u00d1OS<\/p>\n<\/div>\n\n\n\n<div class=\"wp-block-uagb-container uagb-block-cb99c399\">\n<p class=\"has-text-align-center\" style=\"margin-top:0;margin-right:0;margin-bottom:0;margin-left:0;padding-top:0;padding-right:0;padding-bottom:0;padding-left:0\">GRAN SERVICIO<\/p>\n<\/div>\n\n\n\n<div class=\"wp-block-uagb-container uagb-block-a4a42310\">\n<p class=\"has-text-align-center\" style=\"margin-top:0;margin-right:0;margin-bottom:0;margin-left:0;padding-top:0;padding-right:0;padding-bottom:0;padding-left:0\">GRAN ASOCIACI\u00d3N<\/p>\n<\/div>\n<\/div>\n<\/div>\n<\/div>\n\n\n\n<div class=\"wp-block-uagb-container uagb-block-cb9c2d25 alignfull uagb-is-root-container\"><div class=\"uagb-container-inner-blocks-wrap\">\n<div class=\"wp-block-uagb-container uagb-block-cf91e255\">\n<div class=\"wp-block-uagb-advanced-heading uagb-block-13bb5eb0\"><h2 class=\"uagb-heading-text\">J&amp;C Digital Factory<\/h2><\/div>\n\n\n\n<div class=\"wp-block-uagb-buttons uagb-buttons__outer-wrap uagb-btn__default-btn uagb-btn-tablet__default-btn uagb-btn-mobile__default-btn uagb-block-6bc50390\"><div class=\"uagb-buttons__wrap uagb-buttons-layout-wrap\">\n<div class=\"wp-block-uagb-buttons-child uagb-buttons__outer-wrap uagb-block-43d02f2c wp-block-button\"><div class=\"uagb-button__wrapper\"><a class=\"uagb-buttons-repeater wp-block-button__link\" href=\"https:\/\/www.jcjcjcjc.com\/es\/jc-smart-manufacturing\/\" onclick=\"return true;\" rel=\"follow noopener\" target=\"_blank\"><div class=\"uagb-button__link\">M\u00e1s informaci\u00f3n<\/div><\/a><\/div><\/div>\n<\/div><\/div>\n<\/div>\n<\/div><\/div>","protected":false},"excerpt":{"rendered":"<p>A product, from the germination of the design to the collection and processing of raw materials, completes the tedious production process, and finally deliversto the hands of customers. What we want to do is not to sell an assembly line product, in every link, we will consider the needs of customers, to achievemaximum value. &#8220;5G&#8221; &hellip;<\/p>\n<p class=\"read-more\"> <a class=\"\" href=\"https:\/\/www.jcjcjcjc.com\/es\/\"> <span class=\"screen-reader-text\">Home<\/span> Leer m\u00e1s &raquo;<\/a><\/p>","protected":false},"author":1,"featured_media":0,"parent":0,"menu_order":0,"comment_status":"closed","ping_status":"closed","template":"","meta":{"_uag_custom_page_level_css":"","site-sidebar-layout":"no-sidebar","site-content-layout":"plain-container","ast-global-header-display":"","ast-main-header-display":"","ast-hfb-above-header-display":"","ast-hfb-below-header-display":"","ast-hfb-mobile-header-display":"","site-post-title":"disabled","ast-breadcrumbs-content":"","ast-featured-img":"","footer-sml-layout":"","theme-transparent-header-meta":"enabled","adv-header-id-meta":"","stick-header-meta":"","header-above-stick-meta":"","header-main-stick-meta":"","header-below-stick-meta":"","footnotes":""},"class_list":["post-10","page","type-page","status-publish","hentry"],"uagb_featured_image_src":{"full":false,"thumbnail":false,"medium":false,"medium_large":false,"large":false,"1536x1536":false,"2048x2048":false,"trp-custom-language-flag":false},"uagb_author_info":{"display_name":"JC","author_link":"https:\/\/www.jcjcjcjc.com\/es\/author\/jc\/"},"uagb_comment_info":0,"uagb_excerpt":"A product, from the germination of the design to the collection and processing of raw materials, completes the tedious production process, and finally deliversto the hands of customers. What we want to do is not to sell an assembly line product, in every link, we will consider the needs of customers, to achievemaximum value. &#8220;5G&#8221;&hellip;","_links":{"self":[{"href":"https:\/\/www.jcjcjcjc.com\/es\/wp-json\/wp\/v2\/pages\/10","targetHints":{"allow":["GET"]}}],"collection":[{"href":"https:\/\/www.jcjcjcjc.com\/es\/wp-json\/wp\/v2\/pages"}],"about":[{"href":"https:\/\/www.jcjcjcjc.com\/es\/wp-json\/wp\/v2\/types\/page"}],"author":[{"embeddable":true,"href":"https:\/\/www.jcjcjcjc.com\/es\/wp-json\/wp\/v2\/users\/1"}],"replies":[{"embeddable":true,"href":"https:\/\/www.jcjcjcjc.com\/es\/wp-json\/wp\/v2\/comments?post=10"}],"version-history":[{"count":49,"href":"https:\/\/www.jcjcjcjc.com\/es\/wp-json\/wp\/v2\/pages\/10\/revisions"}],"predecessor-version":[{"id":2921,"href":"https:\/\/www.jcjcjcjc.com\/es\/wp-json\/wp\/v2\/pages\/10\/revisions\/2921"}],"wp:attachment":[{"href":"https:\/\/www.jcjcjcjc.com\/es\/wp-json\/wp\/v2\/media?parent=10"}],"curies":[{"name":"wp","href":"https:\/\/api.w.org\/{rel}","templated":true}]}}